{"id":121,"date":"2023-10-14T16:19:06","date_gmt":"2023-10-14T16:19:06","guid":{"rendered":"https:\/\/amandahirschi.com\/?page_id=121"},"modified":"2026-03-01T14:07:08","modified_gmt":"2026-03-01T14:07:08","slug":"talks","status":"publish","type":"page","link":"https:\/\/amandahirschi.com\/?page_id=121","title":{"rendered":"Research talks"},"content":{"rendered":"\n<p><\/p>\n\n\n\n<div class=\"wp-block-group alignwide is-layout-constrained wp-block-group-is-layout-constrained\">\n<ul class=\"wp-block-list\">\n<li>S\u00e9minaire G\u00e9om\u00e9trie etTopologie Dynamique, Paris Saclay (February 2026)<\/li>\n\n\n\n<li>Columbia SGGTC Seminar, Columbia University (February 2026)<\/li>\n\n\n\n<li><a href=\"https:\/\/www.imsa.miami.edu\/events\/2026-spring-emphasis\/hms-2026\/\">Homological Mirror Symmetry 2026<\/a>, IMSA (January 2026)<br><\/li>\n\n\n\n<li>Bonn Symplectic Geometry Seminar, University of Bonn (December 2025)<\/li>\n\n\n\n<li>S\u00e9minaire G\u00e9om\u00e9trie et Applications, IRMA (November 2025)<\/li>\n\n\n\n<li>Geometry Seminar, University of St. Andrews (September 2025)<\/li>\n\n\n\n<li>Symplectic geometry seminar, Humboldt Universit\u00e4t Berlin (July 2025)<\/li>\n\n\n\n<li>Symplectic geometry seminar, Humboldt Universit\u00e4t Berlin (June 2025)<\/li>\n\n\n\n<li><a href=\"https:\/\/www.mittag-leffler.se\/activities\/homotopy-theory-and-floer-homology\/\">Homotopy Theory and Floer Homology<\/a>, Institut Mittag-Leffer (June 2025)<\/li>\n\n\n\n<li>S\u00e9minaire de la g\u00e9om\u00e9trie enum\u00e9rative, IMJ-PRG (June 2025)<\/li>\n\n\n\n<li><a href=\"https:\/\/topology.franklinresearch.uga.edu\/2025GITC\">2025 Georgia International Topology Conference<\/a>, UGA (May 2025)<\/li>\n\n\n\n<li>Symplectix, Institut Henri Poincar\u00e9 (March 2025)<\/li>\n\n\n\n<li>Colloquium, University of Maryland (February 2025)<\/li>\n\n\n\n<li>Geometry\/topology seminar, University of Maryland (February 2025)<\/li>\n\n\n\n<li><a href=\"https:\/\/scgp.stonybrook.edu\/archives\/42881\">SCGP workshop <em>Recent developments in higher genus curve counting<\/em><\/a>, Simons Center (February 2025)<\/li>\n\n\n\n<li><a href=\"https:\/\/cast-2025.sciencesconf.org\">CAST 2025<\/a>, Institut Fourier (February 2025)<br><br><\/li>\n\n\n\n<li>Symplectic geometry seminar, IAS (December 2024)<\/li>\n\n\n\n<li>S\u00e9minaire G\u00e9om\u00e9trie et Applications, IRMA (November 2024)<\/li>\n\n\n\n<li>Geometry and topology seminar, Cambridge (November 2024)<\/li>\n\n\n\n<li>Symplectic Geometry Seminar, ETH Zurich (September 2024)<\/li>\n\n\n\n<li><a href=\"https:\/\/viterbo2024.sciencesconf.org\"><em>From Hamiltonian Dynamics to Symplectic Topology and Beyond<\/em><\/a>, Institut Henri Poincar\u00e9  (June 2024)<\/li>\n\n\n\n<li>Nantes-Orsay Seminar on Symplectic and Contact Topology, Universit\u00e9 Paris-Saclay (May 2024)<\/li>\n\n\n\n<li>Bonn symplectic geometry seminar, Max Planck Institute for Mathematics (May 2024)<\/li>\n\n\n\n<li>Workshop <em>Floer Homotopy Theory Spring School<\/em> (May 2024)<\/li>\n\n\n\n<li>ULB geometry seminar, Universit\u00e9 Libre de Bruxelles (April 2024)<\/li>\n\n\n\n<li>Differential geometry and symplectic topology seminar, University of Minnesota (virtual, February 2024)<\/li>\n\n\n\n<li>Symplectic Geometry Seminar, MIT (February 2024)<\/li>\n\n\n\n<li>Symplectic Geometry Seminar, Rutgers University (February 2024)<\/li>\n\n\n\n<li>Topology Seminar, Texas State University (February 2024)<\/li>\n\n\n\n<li>Symplectic Geometry Seminar, Stanford (February 2024)<\/li>\n\n\n\n<li style=\"margin-top:0;margin-right:0;margin-bottom:0;margin-left:0\">Rencontre ANR CoSy <em>Floer homotopy theory<\/em>, IRMA (January 2024)<br><br><\/li>\n\n\n\n<li style=\"margin-top:0;margin-bottom:0\">Seminar on Real and Complex Geometry, Tel  Aviv University (virtual, December 2023)<\/li>\n\n\n\n<li style=\"margin-top:0;margin-bottom:0\"> GT seminar, Uppsala University (December 2023)<\/li>\n\n\n\n<li style=\"margin-top:0;margin-bottom:0\">Workshop <em>Rabinowitz-Floer homology and Tate cohomology<\/em>, Oberwolfach (November 2023)<\/li>\n\n\n\n<li style=\"margin-top:0;margin-bottom:0\">London Geometry and Topology Seminar, Imperial College (November 2023)<\/li>\n\n\n\n<li style=\"margin-top:0;margin-bottom:0\">Geometry and Topology Seminar, University of Vienna (October 2023)<\/li>\n\n\n\n<li style=\"margin-top:0;margin-bottom:0\">ANR workshop <em>Symplectic, real and tropical aspects of enumerative geometry<\/em>, Jussieu (September 2023)<\/li>\n\n\n\n<li style=\"margin-top:0;margin-bottom:0\"><a href=\"https:\/\/sites.google.com\/view\/sft10berlin\/home\">SFT 10 Workshop<\/a>, Humboldt Universit\u00e4t zu Berlin (August 2023)<\/li>\n\n\n\n<li style=\"margin-top:0;margin-bottom:0\">At the crossroads of topology and enumerative geometry, Hebrew University (June 2023)<\/li>\n\n\n\n<li style=\"margin-top:0;margin-bottom:0\">Junior Geometry Seminar Imperial College (June 2023)<\/li>\n\n\n\n<li style=\"margin-top:0;margin-bottom:0\">Junior Geometry Seminar UCL\/King&#8217;s College (May 2023)<\/li>\n\n\n\n<li style=\"margin-top:0;margin-bottom:0\">EDGE seminar, University of Edinburgh (May 2023)<\/li>\n\n\n\n<li style=\"margin-top:0;margin-bottom:0\">Symplectic Zoominar (April 2023)<\/li>\n\n\n\n<li style=\"margin-top:0;margin-bottom:0\">S\u00e9minaire de la g\u00e9om\u00e9trie enum\u00e9rative, IMJ-PRG (March 2023)<\/li>\n\n\n\n<li style=\"margin-top:0;margin-bottom:0\">Workshop <em>Pseudoholomorphic curves in Hamiltonian dynamics<\/em>, Universit\u00e4t Heidelberg (February 2023)<\/li>\n\n\n\n<li style=\"margin-top:0;margin-bottom:0\">Western Hemisphere Virtual Symplectic Seminar (February 2023)<br><br><\/li>\n\n\n\n<li>Oberseminar Differentialgeometrie, Universit\u00e4t Augsburg (December 2022)<\/li>\n\n\n\n<li>Floer homotopy theory graduate seminar, MSRI (November 2022)<\/li>\n\n\n\n<li>Seminar on Real and Complex Geometry, Tel  Aviv University (virtual, June 2022)<\/li>\n<\/ul>\n\n\n\n<p><br><\/p>\n\n\n\n<h4 class=\"wp-block-heading\">General audience<\/h4>\n\n\n\n<ul class=\"wp-block-list\">\n<li><em>Counting curves virtually<\/em>, Post-Doc Welcome Day, IHES (October 2023)<\/li>\n<\/ul>\n<\/div>\n\n\n\n<h5 class=\"wp-block-heading\"><\/h5>\n","protected":false},"excerpt":{"rendered":"<p>General audience<\/p>\n","protected":false},"author":2,"featured_media":0,"parent":0,"menu_order":0,"comment_status":"closed","ping_status":"closed","template":"","meta":{"footnotes":""},"class_list":["post-121","page","type-page","status-publish","hentry"],"_links":{"self":[{"href":"https:\/\/amandahirschi.com\/index.php?rest_route=\/wp\/v2\/pages\/121","targetHints":{"allow":["GET"]}}],"collection":[{"href":"https:\/\/amandahirschi.com\/index.php?rest_route=\/wp\/v2\/pages"}],"about":[{"href":"https:\/\/amandahirschi.com\/index.php?rest_route=\/wp\/v2\/types\/page"}],"author":[{"embeddable":true,"href":"https:\/\/amandahirschi.com\/index.php?rest_route=\/wp\/v2\/users\/2"}],"replies":[{"embeddable":true,"href":"https:\/\/amandahirschi.com\/index.php?rest_route=%2Fwp%2Fv2%2Fcomments&post=121"}],"version-history":[{"count":82,"href":"https:\/\/amandahirschi.com\/index.php?rest_route=\/wp\/v2\/pages\/121\/revisions"}],"predecessor-version":[{"id":666,"href":"https:\/\/amandahirschi.com\/index.php?rest_route=\/wp\/v2\/pages\/121\/revisions\/666"}],"wp:attachment":[{"href":"https:\/\/amandahirschi.com\/index.php?rest_route=%2Fwp%2Fv2%2Fmedia&parent=121"}],"curies":[{"name":"wp","href":"https:\/\/api.w.org\/{rel}","templated":true}]}}